{"id":4576,"date":"2021-03-30T13:32:10","date_gmt":"2021-03-30T11:32:10","guid":{"rendered":"https:\/\/eco-modulhaus.ch\/material-2\/"},"modified":"2025-11-20T11:31:04","modified_gmt":"2025-11-20T10:31:04","slug":"maison-en-holz100","status":"publish","type":"page","link":"https:\/\/eco-modulhaus.ch\/fr\/maison-en-holz100\/","title":{"rendered":"Mat\u00e9riel"},"content":{"rendered":"<p><div class=\"fusion-fullwidth fullwidth-box fusion-builder-row-1 fusion-flex-container nonhundred-percent-fullwidth non-hundred-percent-height-scrolling\" style=\"--awb-border-radius-top-left:0px;--awb-border-radius-top-right:0px;--awb-border-radius-bottom-right:0px;--awb-border-radius-bottom-left:0px;--awb-flex-wrap:wrap;\" ><div class=\"fusion-builder-row fusion-row fusion-flex-align-items-flex-start fusion-flex-content-wrap\" style=\"max-width:1040px;margin-left: calc(-4% \/ 2 );margin-right: calc(-4% \/ 2 );\"><div class=\"fusion-layout-column fusion_builder_column fusion-builder-column-0 fusion_builder_column_1_1 1_1 fusion-flex-column\" style=\"--awb-bg-size:cover;--awb-width-large:100%;--awb-margin-top-large:0px;--awb-spacing-right-large:1.92%;--awb-margin-bottom-large:20px;--awb-spacing-left-large:1.92%;--awb-width-medium:100%;--awb-order-medium:0;--awb-spacing-right-medium:1.92%;--awb-spacing-left-medium:1.92%;--awb-width-small:100%;--awb-order-small:0;--awb-spacing-right-small:1.92%;--awb-spacing-left-small:1.92%;\"><div class=\"fusion-column-wrapper fusion-column-has-shadow fusion-flex-justify-content-flex-start fusion-content-layout-column\"><div class=\"fusion-title title fusion-title-1 fusion-sep-none fusion-title-center fusion-title-text fusion-title-size-one\"><h1 class=\"fusion-title-heading title-heading-center\" style=\"margin:0;\"><p style=\"text-align: left;\">Construction de murs en Holz100<\/p><\/h1><\/div><\/div><\/div><\/div><\/div><div class=\"fusion-fullwidth fullwidth-box fusion-builder-row-2 fusion-flex-container nonhundred-percent-fullwidth non-hundred-percent-height-scrolling\" style=\"--awb-border-radius-top-left:0px;--awb-border-radius-top-right:0px;--awb-border-radius-bottom-right:0px;--awb-border-radius-bottom-left:0px;--awb-flex-wrap:wrap;\" ><div class=\"fusion-builder-row fusion-row fusion-flex-align-items-flex-start fusion-flex-content-wrap\" style=\"max-width:1040px;margin-left: calc(-4% \/ 2 );margin-right: calc(-4% \/ 2 );\"><div class=\"fusion-layout-column fusion_builder_column fusion-builder-column-1 fusion_builder_column_1_1 1_1 fusion-flex-column\" style=\"--awb-bg-size:cover;--awb-width-large:100%;--awb-margin-top-large:0px;--awb-spacing-right-large:1.92%;--awb-margin-bottom-large:20px;--awb-spacing-left-large:1.92%;--awb-width-medium:100%;--awb-order-medium:0;--awb-spacing-right-medium:1.92%;--awb-spacing-left-medium:1.92%;--awb-width-small:100%;--awb-order-small:0;--awb-spacing-right-small:1.92%;--awb-spacing-left-small:1.92%;\"><div class=\"fusion-column-wrapper fusion-column-has-shadow fusion-flex-justify-content-flex-start fusion-content-layout-column\"><div class=\"fusion-title title fusion-title-2 fusion-sep-none fusion-title-text fusion-title-size-two\"><h2 class=\"fusion-title-heading title-heading-left\" style=\"margin:0;\">La construction d&rsquo;une eco<strong>Modul<\/strong>Haus est bas\u00e9e sur la m\u00e9thode de construction par \u00e9l\u00e9ments utilisant le Holz100 d&rsquo;Erwin Thoma.<\/h2><\/div><\/div><\/div><\/div><\/div><div class=\"fusion-fullwidth fullwidth-box fusion-builder-row-3 fusion-flex-container nonhundred-percent-fullwidth non-hundred-percent-height-scrolling\" style=\"--awb-background-position:right bottom;--awb-border-radius-top-left:0px;--awb-border-radius-top-right:0px;--awb-border-radius-bottom-right:0px;--awb-border-radius-bottom-left:0px;--awb-flex-wrap:wrap;\" ><div class=\"fusion-builder-row fusion-row fusion-flex-align-items-flex-start fusion-flex-content-wrap\" style=\"max-width:1040px;margin-left: calc(-4% \/ 2 );margin-right: calc(-4% \/ 2 );\"><div class=\"fusion-layout-column fusion_builder_column fusion-builder-column-2 fusion_builder_column_2_3 2_3 fusion-flex-column\" style=\"--awb-bg-position:right bottom;--awb-bg-size:cover;--awb-width-large:66.666666666667%;--awb-margin-top-large:0px;--awb-spacing-right-large:2.88%;--awb-margin-bottom-large:20px;--awb-spacing-left-large:2.88%;--awb-width-medium:66.666666666667%;--awb-order-medium:0;--awb-spacing-right-medium:2.88%;--awb-spacing-left-medium:2.88%;--awb-width-small:100%;--awb-order-small:0;--awb-spacing-right-small:1.92%;--awb-spacing-left-small:1.92%;\"><div class=\"fusion-column-wrapper fusion-column-has-shadow fusion-flex-justify-content-flex-start fusion-content-layout-column\"><div class=\"fusion-text fusion-text-1\" style=\"--awb-text-transform:none;\"><p>Le c\u0153ur de nos eco<strong>Modul<\/strong>H\u00e4user est constitu\u00e9 d&rsquo;un cube fabriqu\u00e9 \u00e0 partir de Holz100 abattu sur la lune de Thoma, que nous transformons en modules r\u00e9sidentiels en coop\u00e9ration avec notre partenaire, freiraum gmbh (<a href=\"http:\/\/www.zinipi.de\" target=\"_blank\" rel=\"noopener\">ZINIPI<\/a>) d&rsquo;Amberg DE. Nous utilisons g\u00e9n\u00e9ralement des murs en bois massif de 12 cm pour les murs int\u00e9rieurs, le sol et le plafond. D&rsquo;autres \u00e9paisseurs de mur sont possibles, jusqu&rsquo;\u00e0 36 cm, mais elles ne sont pas tr\u00e8s utiles pour une maison \u00e9co-modulaire avec une largeur int\u00e9rieure limit\u00e9e.<\/p>\n<p>Un mur en Holz100 d&rsquo;une \u00e9paisseur de 12 cm, avec ventilation arri\u00e8re et fa\u00e7ade en bois de pin, pr\u00e9sente les propri\u00e9t\u00e9s suivantes :<\/p>\n<ul>\n<li>Tr\u00e8s bonne protection contre la chaleur<\/li>\n<li>Excellente protection contre l&rsquo;humidit\u00e9<\/li>\n<li>Tr\u00e8s bonne protection contre le bruit et l&rsquo;incendie<\/li>\n<li>Protection maximale contre la t\u00e9l\u00e9phonie mobile (il se peut que l&rsquo;utilisation d&rsquo;un t\u00e9l\u00e9phone portable n\u00e9cessite de communiquer \u00e0 l&rsquo;ext\u00e9rieur ou via le WLAN)<\/li>\n<\/ul>\n<p>Les murs en bois massif sont par nature des murs ouverts \u00e0 la diffusion Cela signifie qu&rsquo;un b\u00e2timent avec un mur en bois massif \u00ab\u00a0respire\u00a0\u00bb. L&rsquo;humidit\u00e9 est transport\u00e9e vers l&rsquo;ext\u00e9rieur, mais la chaleur et le froid ne p\u00e9n\u00e8trent qu&rsquo;avec une grande inertie \u00e0 l&rsquo;int\u00e9rieur de la pi\u00e8ce<\/p>\n<\/div><\/div><\/div><div class=\"fusion-layout-column fusion_builder_column fusion-builder-column-3 fusion_builder_column_1_3 1_3 fusion-flex-column\" style=\"--awb-bg-position:right bottom;--awb-bg-size:cover;--awb-width-large:33.333333333333%;--awb-margin-top-large:0px;--awb-spacing-right-large:5.76%;--awb-margin-bottom-large:20px;--awb-spacing-left-large:5.76%;--awb-width-medium:33.333333333333%;--awb-order-medium:0;--awb-spacing-right-medium:5.76%;--awb-spacing-left-medium:5.76%;--awb-width-small:100%;--awb-order-small:0;--awb-spacing-right-small:1.92%;--awb-spacing-left-small:1.92%;\"><div class=\"fusion-column-wrapper fusion-column-has-shadow fusion-flex-justify-content-flex-start fusion-content-layout-column\"><div class=\"fusion-image-element \" style=\"--awb-caption-title-font-family:var(--h2_typography-font-family);--awb-caption-title-font-weight:var(--h2_typography-font-weight);--awb-caption-title-font-style:var(--h2_typography-font-style);--awb-caption-title-size:var(--h2_typography-font-size);--awb-caption-title-transform:var(--h2_typography-text-transform);--awb-caption-title-line-height:var(--h2_typography-line-height);--awb-caption-title-letter-spacing:var(--h2_typography-letter-spacing);\"><span class=\" fusion-imageframe imageframe-none imageframe-1 hover-type-none\"><img decoding=\"async\" width=\"400\" height=\"267\" title=\"thoma_holz100_12er-wand\" src=\"https:\/\/eco-modulhaus.ch\/wp-content\/uploads\/thoma_holz100_12er-wand.jpeg\" data-orig-src=\"https:\/\/eco-modulhaus.ch\/wp-content\/uploads\/thoma_holz100_12er-wand.jpeg\" alt class=\"lazyload img-responsive wp-image-4194\" srcset=\"data:image\/svg+xml,%3Csvg%20xmlns%3D%27http%3A%2F%2Fwww.w3.org%2F2000%2Fsvg%27%20width%3D%27400%27%20height%3D%27267%27%20viewBox%3D%270%200%20400%20267%27%3E%3Crect%20width%3D%27400%27%20height%3D%27267%27%20fill-opacity%3D%220%22%2F%3E%3C%2Fsvg%3E\" data-srcset=\"https:\/\/eco-modulhaus.ch\/wp-content\/uploads\/thoma_holz100_12er-wand-200x134.jpeg 200w, https:\/\/eco-modulhaus.ch\/wp-content\/uploads\/thoma_holz100_12er-wand.jpeg 400w\" data-sizes=\"auto\" data-orig-sizes=\"(max-width: 640px) 100vw, 400px\" \/><\/span><\/div><div class=\"fusion-text fusion-text-2\"><p><em>Mur en Holz100 avec une \u00e9paisseur de 12 cm<\/em><\/p>\n<\/div><div class=\"fusion-image-element \" style=\"--awb-caption-title-font-family:var(--h2_typography-font-family);--awb-caption-title-font-weight:var(--h2_typography-font-weight);--awb-caption-title-font-style:var(--h2_typography-font-style);--awb-caption-title-size:var(--h2_typography-font-size);--awb-caption-title-transform:var(--h2_typography-text-transform);--awb-caption-title-line-height:var(--h2_typography-line-height);--awb-caption-title-letter-spacing:var(--h2_typography-letter-spacing);\"><span class=\" fusion-imageframe imageframe-none imageframe-2 hover-type-none\"><img decoding=\"async\" width=\"900\" height=\"599\" title=\"thoma_holz100_wandsortiment\" src=\"https:\/\/eco-modulhaus.ch\/wp-content\/uploads\/thoma_holz100_wandsortiment.png\" data-orig-src=\"https:\/\/eco-modulhaus.ch\/wp-content\/uploads\/thoma_holz100_wandsortiment.png\" alt class=\"lazyload img-responsive wp-image-4193\" srcset=\"data:image\/svg+xml,%3Csvg%20xmlns%3D%27http%3A%2F%2Fwww.w3.org%2F2000%2Fsvg%27%20width%3D%27900%27%20height%3D%27599%27%20viewBox%3D%270%200%20900%20599%27%3E%3Crect%20width%3D%27900%27%20height%3D%27599%27%20fill-opacity%3D%220%22%2F%3E%3C%2Fsvg%3E\" data-srcset=\"https:\/\/eco-modulhaus.ch\/wp-content\/uploads\/thoma_holz100_wandsortiment-200x133.png 200w, https:\/\/eco-modulhaus.ch\/wp-content\/uploads\/thoma_holz100_wandsortiment-400x266.png 400w, https:\/\/eco-modulhaus.ch\/wp-content\/uploads\/thoma_holz100_wandsortiment-600x399.png 600w, https:\/\/eco-modulhaus.ch\/wp-content\/uploads\/thoma_holz100_wandsortiment-800x532.png 800w, https:\/\/eco-modulhaus.ch\/wp-content\/uploads\/thoma_holz100_wandsortiment.png 900w\" data-sizes=\"auto\" data-orig-sizes=\"(max-width: 640px) 100vw, 400px\" \/><\/span><\/div><div class=\"fusion-text fusion-text-3\"><p><em>Gamme murale Holz100<\/em><\/p>\n<\/div><\/div><\/div><\/div><\/div><div class=\"fusion-fullwidth fullwidth-box fusion-builder-row-4 fusion-flex-container nonhundred-percent-fullwidth non-hundred-percent-height-scrolling\" style=\"--awb-background-position:right bottom;--awb-border-radius-top-left:0px;--awb-border-radius-top-right:0px;--awb-border-radius-bottom-right:0px;--awb-border-radius-bottom-left:0px;--awb-flex-wrap:wrap;\" ><div class=\"fusion-builder-row fusion-row fusion-flex-align-items-flex-start fusion-flex-content-wrap\" style=\"max-width:1040px;margin-left: calc(-4% \/ 2 );margin-right: calc(-4% \/ 2 );\"><div class=\"fusion-layout-column fusion_builder_column fusion-builder-column-4 fusion_builder_column_2_3 2_3 fusion-flex-column\" style=\"--awb-bg-position:right bottom;--awb-bg-size:cover;--awb-width-large:66.666666666667%;--awb-margin-top-large:0px;--awb-spacing-right-large:2.88%;--awb-margin-bottom-large:20px;--awb-spacing-left-large:2.88%;--awb-width-medium:66.666666666667%;--awb-order-medium:0;--awb-spacing-right-medium:2.88%;--awb-spacing-left-medium:2.88%;--awb-width-small:100%;--awb-order-small:0;--awb-spacing-right-small:1.92%;--awb-spacing-left-small:1.92%;\"><div class=\"fusion-column-wrapper fusion-column-has-shadow fusion-flex-justify-content-flex-start fusion-content-layout-column\"><div class=\"fusion-text fusion-text-4\" style=\"--awb-text-transform:none;\"><p>Les murs en bois sont naturellement perm\u00e9ables \u00e0 la vapeur et ne retiennent pas particuli\u00e8rement bien la chaleur dans le b\u00e2timent. Le bois n&rsquo;est pas un \u00ab\u00a0isolant\u00a0\u00bb Le coefficient de transmission thermique n&rsquo;est donc pas suffisant pour r\u00e9pondre aux exigences \u00e9nerg\u00e9tiques f\u00e9d\u00e9rales, c&rsquo;est pourquoi les murs en bois n\u00e9cessitent une isolation suppl\u00e9mentaire Nous r\u00e9solvons cela avec des mat\u00e9riaux isolants naturels:<\/p>\n<ul>\n<li>Cellulose (papier journal broy\u00e9 m\u00e9caniquement qui est s\u00e9ch\u00e9 et d\u00e9poussi\u00e9r\u00e9) La cellulose est g\u00e9n\u00e9ralement insuffl\u00e9e<\/li>\n<li>Gutex &#8211; Panneaux de fibres de bois (r\u00e9sidus de bois \u00e9corc\u00e9s qui sont r\u00e9duits en fines fibres de bois et coll\u00e9s avec leur propre r\u00e9sine pour former des panneaux)<\/li>\n<\/ul>\n<p>Pour atteindre les valeurs d&rsquo;isolation prescrites en Suisse pour les nouvelles constructions, un mur de nos maisons eco<strong>Modul<\/strong> pr\u00e9sente au final une \u00e9paisseur de 35 \u00e0 40 cm. Celle-ci a la structure possible suivante (de l&rsquo;int\u00e9rieur vers l&rsquo;ext\u00e9rieur):<\/p>\n<\/div><\/div><\/div><div class=\"fusion-layout-column fusion_builder_column fusion-builder-column-5 fusion_builder_column_1_3 1_3 fusion-flex-column\" style=\"--awb-bg-position:right bottom;--awb-bg-size:cover;--awb-width-large:33.333333333333%;--awb-margin-top-large:0px;--awb-spacing-right-large:5.76%;--awb-margin-bottom-large:20px;--awb-spacing-left-large:5.76%;--awb-width-medium:33.333333333333%;--awb-order-medium:0;--awb-spacing-right-medium:5.76%;--awb-spacing-left-medium:5.76%;--awb-width-small:100%;--awb-order-small:0;--awb-spacing-right-small:1.92%;--awb-spacing-left-small:1.92%;\"><div class=\"fusion-column-wrapper fusion-column-has-shadow fusion-flex-justify-content-flex-start fusion-content-layout-column\"><\/div><\/div><\/div><\/div><div class=\"fusion-fullwidth fullwidth-box fusion-builder-row-5 fusion-flex-container nonhundred-percent-fullwidth non-hundred-percent-height-scrolling\" style=\"--awb-background-position:right bottom;--awb-border-radius-top-left:0px;--awb-border-radius-top-right:0px;--awb-border-radius-bottom-right:0px;--awb-border-radius-bottom-left:0px;--awb-flex-wrap:wrap;\" ><div class=\"fusion-builder-row fusion-row fusion-flex-align-items-flex-start fusion-flex-content-wrap\" style=\"max-width:1040px;margin-left: calc(-4% \/ 2 );margin-right: calc(-4% \/ 2 );\"><div class=\"fusion-layout-column fusion_builder_column fusion-builder-column-6 fusion_builder_column_2_3 2_3 fusion-flex-column\" style=\"--awb-bg-position:right bottom;--awb-bg-size:cover;--awb-width-large:66.666666666667%;--awb-margin-top-large:0px;--awb-spacing-right-large:2.88%;--awb-margin-bottom-large:20px;--awb-spacing-left-large:2.88%;--awb-width-medium:66.666666666667%;--awb-order-medium:0;--awb-spacing-right-medium:2.88%;--awb-spacing-left-medium:2.88%;--awb-width-small:100%;--awb-order-small:0;--awb-spacing-right-small:1.92%;--awb-spacing-left-small:1.92%;\"><div class=\"fusion-column-wrapper fusion-column-has-shadow fusion-flex-justify-content-flex-start fusion-content-layout-column\"><div class=\"fusion-image-element \" style=\"--awb-caption-title-font-family:var(--h2_typography-font-family);--awb-caption-title-font-weight:var(--h2_typography-font-weight);--awb-caption-title-font-style:var(--h2_typography-font-style);--awb-caption-title-size:var(--h2_typography-font-size);--awb-caption-title-transform:var(--h2_typography-text-transform);--awb-caption-title-line-height:var(--h2_typography-line-height);--awb-caption-title-letter-spacing:var(--h2_typography-letter-spacing);\"><span class=\" fusion-imageframe imageframe-none imageframe-3 hover-type-none\"><img decoding=\"async\" width=\"1386\" height=\"956\" title=\"Wandaufbau eMH\" src=\"https:\/\/eco-modulhaus.ch\/wp-content\/uploads\/Wandaufbau-eMH.png\" data-orig-src=\"https:\/\/eco-modulhaus.ch\/wp-content\/uploads\/Wandaufbau-eMH.png\" alt class=\"lazyload img-responsive wp-image-4163\" srcset=\"data:image\/svg+xml,%3Csvg%20xmlns%3D%27http%3A%2F%2Fwww.w3.org%2F2000%2Fsvg%27%20width%3D%271386%27%20height%3D%27956%27%20viewBox%3D%270%200%201386%20956%27%3E%3Crect%20width%3D%271386%27%20height%3D%27956%27%20fill-opacity%3D%220%22%2F%3E%3C%2Fsvg%3E\" data-srcset=\"https:\/\/eco-modulhaus.ch\/wp-content\/uploads\/Wandaufbau-eMH-200x138.png 200w, https:\/\/eco-modulhaus.ch\/wp-content\/uploads\/Wandaufbau-eMH-400x276.png 400w, https:\/\/eco-modulhaus.ch\/wp-content\/uploads\/Wandaufbau-eMH-600x414.png 600w, https:\/\/eco-modulhaus.ch\/wp-content\/uploads\/Wandaufbau-eMH-800x552.png 800w, https:\/\/eco-modulhaus.ch\/wp-content\/uploads\/Wandaufbau-eMH-1200x828.png 1200w, https:\/\/eco-modulhaus.ch\/wp-content\/uploads\/Wandaufbau-eMH.png 1386w\" data-sizes=\"auto\" data-orig-sizes=\"(max-width: 640px) 100vw, 800px\" \/><\/span><\/div><div class=\"fusion-text fusion-text-5\"><p><em>Construction possible d&rsquo;un mur Holz100<\/em><\/p>\n<\/div><\/div><\/div><div class=\"fusion-layout-column fusion_builder_column fusion-builder-column-7 fusion_builder_column_1_3 1_3 fusion-flex-column\" style=\"--awb-bg-position:right bottom;--awb-bg-size:cover;--awb-width-large:33.333333333333%;--awb-margin-top-large:0px;--awb-spacing-right-large:5.76%;--awb-margin-bottom-large:20px;--awb-spacing-left-large:5.76%;--awb-width-medium:33.333333333333%;--awb-order-medium:0;--awb-spacing-right-medium:5.76%;--awb-spacing-left-medium:5.76%;--awb-width-small:100%;--awb-order-small:0;--awb-spacing-right-small:1.92%;--awb-spacing-left-small:1.92%;\"><div class=\"fusion-column-wrapper fusion-column-has-shadow fusion-flex-justify-content-flex-start fusion-content-layout-column\"><div class=\"fusion-text fusion-text-6\"><ol>\n<li>Holz100 Mur 12,0 cm<\/li>\n<li>Cellulose (insuffl\u00e9e) 16.0 cm<\/li>\n<li>Gutex Multiplex (panneau de fibres de bois 4.0 &#8211; 6.0 cm<\/li>\n<li>Ventilation arri\u00e8re 3.0 cm<\/li>\n<li>Bois profil\u00e9 (rainure &amp; languette) Fa\u00e7ade 2.1 cm<\/li>\n<\/ol>\n<\/div><\/div><\/div><\/div><\/div><div class=\"fusion-fullwidth fullwidth-box fusion-builder-row-6 fusion-flex-container nonhundred-percent-fullwidth non-hundred-percent-height-scrolling\" style=\"--awb-background-position:right bottom;--awb-border-radius-top-left:0px;--awb-border-radius-top-right:0px;--awb-border-radius-bottom-right:0px;--awb-border-radius-bottom-left:0px;--awb-flex-wrap:wrap;\" ><div class=\"fusion-builder-row fusion-row fusion-flex-align-items-flex-start fusion-flex-content-wrap\" style=\"max-width:1040px;margin-left: calc(-4% \/ 2 );margin-right: calc(-4% \/ 2 );\"><div class=\"fusion-layout-column fusion_builder_column fusion-builder-column-8 fusion_builder_column_2_3 2_3 fusion-flex-column\" style=\"--awb-bg-position:right bottom;--awb-bg-size:cover;--awb-width-large:66.666666666667%;--awb-margin-top-large:0px;--awb-spacing-right-large:2.88%;--awb-margin-bottom-large:20px;--awb-spacing-left-large:2.88%;--awb-width-medium:66.666666666667%;--awb-order-medium:0;--awb-spacing-right-medium:2.88%;--awb-spacing-left-medium:2.88%;--awb-width-small:100%;--awb-order-small:0;--awb-spacing-right-small:1.92%;--awb-spacing-left-small:1.92%;\"><div class=\"fusion-column-wrapper fusion-column-has-shadow fusion-flex-justify-content-flex-start fusion-content-layout-column\"><div class=\"fusion-title title fusion-title-3 fusion-sep-none fusion-title-text fusion-title-size-two\"><h2 class=\"fusion-title-heading title-heading-left\" style=\"margin:0;\">Sol<\/h2><\/div><div class=\"fusion-text fusion-text-7\"><p>Le sol est en parquet de ch\u00eane solide, comme le veut la norme D&rsquo;autres essences de bois, comme le fr\u00eane trait\u00e9 thermiquement, peuvent \u00e9galement \u00eatre choisies.<br \/>\nNos parquets sont en bois naturel non trait\u00e9. Celui-ci est moins vuln\u00e9rable que les parquets en bois vernis, car le vernis agit comme une couche de plastique. Le vernis a pour effet de charger le sol en \u00e9lectricit\u00e9 statique et d&rsquo;attirer litt\u00e9ralement la salet\u00e9 et la poussi\u00e8re. Le bois dans sa forme naturelle ne conna\u00eet pas cette probl\u00e9matique, de plus le bois a un excellent effet antibact\u00e9rien.<\/p>\n<\/div><\/div><\/div><div class=\"fusion-layout-column fusion_builder_column fusion-builder-column-9 fusion_builder_column_1_3 1_3 fusion-flex-column\" style=\"--awb-bg-position:right bottom;--awb-bg-size:cover;--awb-width-large:33.333333333333%;--awb-margin-top-large:0px;--awb-spacing-right-large:5.76%;--awb-margin-bottom-large:20px;--awb-spacing-left-large:5.76%;--awb-width-medium:33.333333333333%;--awb-order-medium:0;--awb-spacing-right-medium:5.76%;--awb-spacing-left-medium:5.76%;--awb-width-small:100%;--awb-order-small:0;--awb-spacing-right-small:1.92%;--awb-spacing-left-small:1.92%;\"><div class=\"fusion-column-wrapper fusion-column-has-shadow fusion-flex-justify-content-flex-start fusion-content-layout-column\"><\/div><\/div><\/div><\/div><div class=\"fusion-fullwidth fullwidth-box fusion-builder-row-7 fusion-flex-container nonhundred-percent-fullwidth non-hundred-percent-height-scrolling\" style=\"--awb-background-position:right bottom;--awb-border-radius-top-left:0px;--awb-border-radius-top-right:0px;--awb-border-radius-bottom-right:0px;--awb-border-radius-bottom-left:0px;--awb-flex-wrap:wrap;\" ><div class=\"fusion-builder-row fusion-row fusion-flex-align-items-flex-start fusion-flex-content-wrap\" style=\"max-width:1040px;margin-left: calc(-4% \/ 2 );margin-right: calc(-4% \/ 2 );\"><div class=\"fusion-layout-column fusion_builder_column fusion-builder-column-10 fusion_builder_column_2_3 2_3 fusion-flex-column\" style=\"--awb-bg-position:right bottom;--awb-bg-size:cover;--awb-width-large:66.666666666667%;--awb-margin-top-large:0px;--awb-spacing-right-large:2.88%;--awb-margin-bottom-large:20px;--awb-spacing-left-large:2.88%;--awb-width-medium:66.666666666667%;--awb-order-medium:0;--awb-spacing-right-medium:2.88%;--awb-spacing-left-medium:2.88%;--awb-width-small:100%;--awb-order-small:0;--awb-spacing-right-small:1.92%;--awb-spacing-left-small:1.92%;\"><div class=\"fusion-column-wrapper fusion-column-has-shadow fusion-flex-justify-content-flex-start fusion-content-layout-column\"><div class=\"fusion-title title fusion-title-4 fusion-sep-none fusion-title-text fusion-title-size-two\"><h2 class=\"fusion-title-heading title-heading-left\" style=\"margin:0;\">Toit<\/h2><\/div><div class=\"fusion-text fusion-text-8\"><p>La structure du toit est similaire \u00e0 celle des murs. Il est recouvert d&rsquo;une t\u00f4le d&rsquo;acier galvanis\u00e9 D&rsquo;autres formes sont possibles moyennant un suppl\u00e9ment de prix<\/p>\n<\/div><\/div><\/div><div class=\"fusion-layout-column fusion_builder_column fusion-builder-column-11 fusion_builder_column_1_3 1_3 fusion-flex-column\" style=\"--awb-bg-position:right bottom;--awb-bg-size:cover;--awb-width-large:33.333333333333%;--awb-margin-top-large:0px;--awb-spacing-right-large:5.76%;--awb-margin-bottom-large:20px;--awb-spacing-left-large:5.76%;--awb-width-medium:33.333333333333%;--awb-order-medium:0;--awb-spacing-right-medium:5.76%;--awb-spacing-left-medium:5.76%;--awb-width-small:100%;--awb-order-small:0;--awb-spacing-right-small:1.92%;--awb-spacing-left-small:1.92%;\"><div class=\"fusion-column-wrapper fusion-column-has-shadow fusion-flex-justify-content-flex-start fusion-content-layout-column\"><\/div><\/div><\/div><\/div><div class=\"fusion-fullwidth fullwidth-box fusion-builder-row-8 fusion-flex-container nonhundred-percent-fullwidth non-hundred-percent-height-scrolling\" style=\"--awb-border-radius-top-left:0px;--awb-border-radius-top-right:0px;--awb-border-radius-bottom-right:0px;--awb-border-radius-bottom-left:0px;--awb-flex-wrap:wrap;\" ><div class=\"fusion-builder-row fusion-row fusion-flex-align-items-flex-start fusion-flex-content-wrap\" style=\"max-width:1040px;margin-left: calc(-4% \/ 2 );margin-right: calc(-4% \/ 2 );\"><div class=\"fusion-layout-column fusion_builder_column fusion-builder-column-12 fusion_builder_column_1_1 1_1 fusion-flex-column\" style=\"--awb-bg-size:cover;--awb-width-large:100%;--awb-margin-top-large:0px;--awb-spacing-right-large:1.92%;--awb-margin-bottom-large:20px;--awb-spacing-left-large:1.92%;--awb-width-medium:100%;--awb-order-medium:0;--awb-spacing-right-medium:1.92%;--awb-spacing-left-medium:1.92%;--awb-width-small:100%;--awb-order-small:0;--awb-spacing-right-small:1.92%;--awb-spacing-left-small:1.92%;\"><div class=\"fusion-column-wrapper fusion-column-has-shadow fusion-flex-justify-content-flex-start fusion-content-layout-column\"><div style=\"text-align:left;\"><a class=\"fusion-button button-flat fusion-button-default-size button-default fusion-button-default button-1 fusion-button-default-span fusion-button-default-type\" style=\"--button_margin-top:2%;--button_margin-bottom:4%;\" target=\"_self\" href=\"https:\/\/eco-modulhaus.ch\/fr\/faq\/\"><span class=\"fusion-button-text awb-button__text awb-button__text--default\">continuer vers les questions fr\u00e9quemment pos\u00e9es<\/span><\/a><\/div><\/div><\/div><\/div><\/div><\/p>\n","protected":false},"excerpt":{"rendered":"","protected":false},"author":2,"featured_media":0,"parent":0,"menu_order":0,"comment_status":"closed","ping_status":"closed","template":"","meta":{"footnotes":""},"class_list":["post-4576","page","type-page","status-publish","hentry"],"_links":{"self":[{"href":"https:\/\/eco-modulhaus.ch\/fr\/wp-json\/wp\/v2\/pages\/4576","targetHints":{"allow":["GET"]}}],"collection":[{"href":"https:\/\/eco-modulhaus.ch\/fr\/wp-json\/wp\/v2\/pages"}],"about":[{"href":"https:\/\/eco-modulhaus.ch\/fr\/wp-json\/wp\/v2\/types\/page"}],"author":[{"embeddable":true,"href":"https:\/\/eco-modulhaus.ch\/fr\/wp-json\/wp\/v2\/users\/2"}],"replies":[{"embeddable":true,"href":"https:\/\/eco-modulhaus.ch\/fr\/wp-json\/wp\/v2\/comments?post=4576"}],"version-history":[{"count":0,"href":"https:\/\/eco-modulhaus.ch\/fr\/wp-json\/wp\/v2\/pages\/4576\/revisions"}],"wp:attachment":[{"href":"https:\/\/eco-modulhaus.ch\/fr\/wp-json\/wp\/v2\/media?parent=4576"}],"curies":[{"name":"wp","href":"https:\/\/api.w.org\/{rel}","templated":true}]}}