{"id":5364,"date":"2025-05-28T10:06:53","date_gmt":"2025-05-28T08:06:53","guid":{"rendered":"https:\/\/eco-modulhaus.ch\/?page_id=5364"},"modified":"2025-05-28T15:34:42","modified_gmt":"2025-05-28T13:34:42","slug":"presse-und-medienspiegel","status":"publish","type":"page","link":"https:\/\/eco-modulhaus.ch\/fr\/presse-und-medienspiegel\/","title":{"rendered":"Revue de presse et des m\u00e9dias"},"content":{"rendered":"<div class=\"fusion-fullwidth fullwidth-box fusion-builder-row-1 fusion-flex-container has-pattern-background has-mask-background nonhundred-percent-fullwidth non-hundred-percent-height-scrolling\" style=\"--awb-border-radius-top-left:0px;--awb-border-radius-top-right:0px;--awb-border-radius-bottom-right:0px;--awb-border-radius-bottom-left:0px;--awb-margin-top:4%;--awb-flex-wrap:wrap;\" ><div class=\"fusion-builder-row fusion-row fusion-flex-align-items-flex-start fusion-flex-content-wrap\" style=\"max-width:1040px;margin-left: calc(-4% \/ 2 );margin-right: calc(-4% \/ 2 );\"><div class=\"fusion-layout-column fusion_builder_column fusion-builder-column-0 fusion_builder_column_1_1 1_1 fusion-flex-column\" style=\"--awb-bg-size:cover;--awb-width-large:100%;--awb-margin-top-large:0px;--awb-spacing-right-large:1.92%;--awb-margin-bottom-large:20px;--awb-spacing-left-large:1.92%;--awb-width-medium:100%;--awb-order-medium:0;--awb-spacing-right-medium:1.92%;--awb-spacing-left-medium:1.92%;--awb-width-small:100%;--awb-order-small:0;--awb-spacing-right-small:1.92%;--awb-spacing-left-small:1.92%;\"><div class=\"fusion-column-wrapper fusion-column-has-shadow fusion-flex-justify-content-flex-start fusion-content-layout-column\"><div class=\"fusion-title title fusion-title-1 fusion-sep-none fusion-title-center fusion-title-text fusion-title-size-one\" style=\"--awb-margin-top:32px;\"><h1 class=\"fusion-title-heading title-heading-center\" style=\"margin:0;\"><p style=\"text-align: center;\">Revue de presse et des m\u00e9dias<\/p><\/h1><\/div><div class=\"fusion-text fusion-text-1\"><p style=\"text-align: center;\">Les demandes des m\u00e9dias sont toujours les bienvenues. Vous trouverez ci-dessous un aper\u00e7u des publications dans lesquelles notre travail a \u00e9t\u00e9 mis en avant. <\/p>\n<\/div><div class=\"fusion-separator fusion-full-width-sep\" style=\"align-self: center;margin-left: auto;margin-right: auto;margin-top:15px;margin-bottom:15px;width:100%;\"><\/div><div class=\"fusion-blog-shortcode fusion-blog-shortcode-1 fusion-blog-archive fusion-blog-layout-grid-wrapper fusion-blog-no\"><style type=\"text\/css\">.fusion-blog-shortcode-1 .fusion-blog-layout-grid .fusion-post-grid{padding:15px;}.fusion-blog-shortcode-1 .fusion-posts-container{margin-left: -15px !important; margin-right:-15px !important;}<\/style><div class=\"fusion-posts-container fusion-posts-container-no fusion-no-meta-info fusion-blog-rollover fusion-blog-layout-grid fusion-blog-layout-grid-3 isotope fusion-blog-equal-heights\" data-pages=\"0\" data-grid-col-space=\"30\" style=\"margin: -15px -15px 0;min-height:500px;\"><article id=\"blog-1-post-5441\" class=\"fusion-post-grid post-5441 post type-post status-publish format-standard has-post-thumbnail hentry category-presse-et-medias\">\n<div class=\"fusion-post-wrapper\" style=\"background-color:rgba(143,173,73,0.25);border:1px solid var(--awb-color6);border-bottom-width:3px;\">\n\n\t\t\t<div class=\"fusion-flexslider flexslider fusion-flexslider-loading fusion-post-slideshow\" style=\"border-color:var(--awb-color6);\">\n\t\t<ul class=\"slides\">\n\t\t\t\n\t\t\t\t\t\t\t\t\t\t\t\t\t\t<li><div  class=\"fusion-image-wrapper\" aria-haspopup=\"true\">\n\t\t\t\t<img decoding=\"async\" width=\"800\" height=\"600\" src=\"https:\/\/eco-modulhaus.ch\/wp-content\/uploads\/blaa.jpg\" class=\"attachment-full size-full lazyload wp-post-image\" alt=\"\" srcset=\"data:image\/svg+xml,%3Csvg%20xmlns%3D%27http%3A%2F%2Fwww.w3.org%2F2000%2Fsvg%27%20width%3D%27800%27%20height%3D%27600%27%20viewBox%3D%270%200%20800%20600%27%3E%3Crect%20width%3D%27800%27%20height%3D%27600%27%20fill-opacity%3D%220%22%2F%3E%3C%2Fsvg%3E\" data-orig-src=\"https:\/\/eco-modulhaus.ch\/wp-content\/uploads\/blaa.jpg\" data-srcset=\"https:\/\/eco-modulhaus.ch\/wp-content\/uploads\/blaa-200x150.jpg 200w, https:\/\/eco-modulhaus.ch\/wp-content\/uploads\/blaa-400x300.jpg 400w, https:\/\/eco-modulhaus.ch\/wp-content\/uploads\/blaa-600x450.jpg 600w, https:\/\/eco-modulhaus.ch\/wp-content\/uploads\/blaa.jpg 800w\" data-sizes=\"auto\" \/><div class=\"fusion-rollover\">\n\t<div class=\"fusion-rollover-content\">\n\n\t\t\t\t\n\t\t\n\t\t\t\t\t\t\t\t\t\t\t\t<h4 class=\"fusion-rollover-title\">\n\t\t\t\t\t<a class=\"fusion-rollover-title-link\" href=\"https:\/\/eco-modulhaus.ch\/wp-content\/uploads\/Zeitungsartikel-eMH-in-EusiRegion.pdf\" target=\"_blank\">\n\t\t\t\t\t\t\u00ab\u00a0EusiRegion\u00a0\u00bb Suppl\u00e9ment d&rsquo;\u00e9dition au Lenzburger Bezirks-Anzeiger du 15 mai 2025\t\t\t\t\t<\/a>\n\t\t\t\t<\/h4>\n\t\t\t\n\t\t\t\t\t\t\t\t\n\t\t\n\t\t\t\t\t\t<a class=\"fusion-link-wrapper\" href=\"https:\/\/eco-modulhaus.ch\/wp-content\/uploads\/Zeitungsartikel-eMH-in-EusiRegion.pdf\" target=\"_blank\" aria-label=\"\u00ab\u00a0EusiRegion\u00a0\u00bb Suppl\u00e9ment d&rsquo;\u00e9dition au Lenzburger Bezirks-Anzeiger du 15 mai 2025\"><\/a>\n\t<\/div>\n<\/div>\n<\/div>\n<\/li>\n\t\t\t\n\t\t\t\n\t\t\t\t\t\t\t\t\t\t\t\t\t\t\t\t\t\t\t\t\t\t\t\t\t\t\t\t\t\t\t\t\t\t\t\t\t\t\t\t\t\t\t\t\t\t\t\t\t\t\t\t\t\t\t\t\t\t\t\t\t\t\t\t\t\t\t\t<\/ul>\n\t<\/div>\n\t<div class=\"fusion-post-content-wrapper\" style=\"padding:10px 15px 10px 15px;\"><div class=\"fusion-post-content post-content\"><h2 class=\"blog-shortcode-post-title entry-title\">\u00ab\u00a0EusiRegion\u00a0\u00bb Suppl\u00e9ment d&rsquo;\u00e9dition au Lenzburger Bezirks-Anzeiger du 15 mai 2025<\/h2><\/div><\/div><div class=\"fusion-clearfix\"><\/div><\/div>\n<\/article>\n<article id=\"blog-1-post-5232\" class=\"fusion-post-grid post-5232 post type-post status-publish format-standard has-post-thumbnail hentry category-presse-et-medias category-top-actuel\">\n<div class=\"fusion-post-wrapper\" style=\"background-color:rgba(143,173,73,0.25);border:1px solid var(--awb-color6);border-bottom-width:3px;\">\n\n\t\t\t<div class=\"fusion-flexslider flexslider fusion-flexslider-loading fusion-post-slideshow\" style=\"border-color:var(--awb-color6);\">\n\t\t<ul class=\"slides\">\n\t\t\t\n\t\t\t\t\t\t\t\t\t\t\t\t\t\t<li><div  class=\"fusion-image-wrapper\" aria-haspopup=\"true\">\n\t\t\t\t<img decoding=\"async\" width=\"800\" height=\"600\" src=\"https:\/\/eco-modulhaus.ch\/wp-content\/uploads\/Unbenannt.jpg\" class=\"attachment-full size-full lazyload wp-post-image\" alt=\"\" srcset=\"data:image\/svg+xml,%3Csvg%20xmlns%3D%27http%3A%2F%2Fwww.w3.org%2F2000%2Fsvg%27%20width%3D%27800%27%20height%3D%27600%27%20viewBox%3D%270%200%20800%20600%27%3E%3Crect%20width%3D%27800%27%20height%3D%27600%27%20fill-opacity%3D%220%22%2F%3E%3C%2Fsvg%3E\" data-orig-src=\"https:\/\/eco-modulhaus.ch\/wp-content\/uploads\/Unbenannt.jpg\" data-srcset=\"https:\/\/eco-modulhaus.ch\/wp-content\/uploads\/Unbenannt-200x150.jpg 200w, https:\/\/eco-modulhaus.ch\/wp-content\/uploads\/Unbenannt-400x300.jpg 400w, https:\/\/eco-modulhaus.ch\/wp-content\/uploads\/Unbenannt-600x450.jpg 600w, https:\/\/eco-modulhaus.ch\/wp-content\/uploads\/Unbenannt.jpg 800w\" data-sizes=\"auto\" \/><div class=\"fusion-rollover\">\n\t<div class=\"fusion-rollover-content\">\n\n\t\t\t\t\n\t\t\n\t\t\t\t\t\t\t\t\t\t\t\t<h4 class=\"fusion-rollover-title\">\n\t\t\t\t\t<a class=\"fusion-rollover-title-link\" href=\"https:\/\/eco-modulhaus.ch\/fr\/wir-sind-im-fernsehen-srf-doku\/\" target=\"_blank\">\n\t\t\t\t\t\tecoModulHaus sur SRF Documentaire \u00ab\u00a0Tiny Houses &#8211; R\u00eave ou engouement ?\u00a0\u00bb\t\t\t\t\t<\/a>\n\t\t\t\t<\/h4>\n\t\t\t\n\t\t\t\t\t\t\t\t\n\t\t\n\t\t\t\t\t\t<a class=\"fusion-link-wrapper\" href=\"https:\/\/eco-modulhaus.ch\/fr\/wir-sind-im-fernsehen-srf-doku\/\" target=\"_blank\" aria-label=\"ecoModulHaus sur SRF Documentaire \u00ab\u00a0Tiny Houses &#8211; R\u00eave ou engouement ?\u00a0\u00bb\"><\/a>\n\t<\/div>\n<\/div>\n<\/div>\n<\/li>\n\t\t\t\n\t\t\t\n\t\t\t\t\t\t\t\t\t\t\t\t\t\t\t\t\t\t\t\t\t\t\t\t\t\t\t\t\t\t\t\t\t\t\t\t\t\t\t\t\t\t\t\t\t\t\t\t\t\t\t\t\t\t\t\t\t\t\t\t\t\t\t\t\t\t\t\t<\/ul>\n\t<\/div>\n\t<div class=\"fusion-post-content-wrapper\" style=\"padding:10px 15px 10px 15px;\"><div class=\"fusion-post-content post-content\"><h2 class=\"blog-shortcode-post-title entry-title\">ecoModulHaus sur SRF Documentaire \u00ab\u00a0Tiny Houses &#8211; R\u00eave ou engouement ?\u00a0\u00bb<\/h2><\/div><\/div><div class=\"fusion-clearfix\"><\/div><\/div>\n<\/article>\n<div class=\"fusion-clearfix\"><\/div><\/div><\/div><\/div><\/div><\/div><\/div>\n","protected":false},"excerpt":{"rendered":"","protected":false},"author":7,"featured_media":0,"parent":0,"menu_order":0,"comment_status":"closed","ping_status":"closed","template":"100-width.php","meta":{"footnotes":""},"class_list":["post-5364","page","type-page","status-publish","hentry"],"_links":{"self":[{"href":"https:\/\/eco-modulhaus.ch\/fr\/wp-json\/wp\/v2\/pages\/5364","targetHints":{"allow":["GET"]}}],"collection":[{"href":"https:\/\/eco-modulhaus.ch\/fr\/wp-json\/wp\/v2\/pages"}],"about":[{"href":"https:\/\/eco-modulhaus.ch\/fr\/wp-json\/wp\/v2\/types\/page"}],"author":[{"embeddable":true,"href":"https:\/\/eco-modulhaus.ch\/fr\/wp-json\/wp\/v2\/users\/7"}],"replies":[{"embeddable":true,"href":"https:\/\/eco-modulhaus.ch\/fr\/wp-json\/wp\/v2\/comments?post=5364"}],"version-history":[{"count":0,"href":"https:\/\/eco-modulhaus.ch\/fr\/wp-json\/wp\/v2\/pages\/5364\/revisions"}],"wp:attachment":[{"href":"https:\/\/eco-modulhaus.ch\/fr\/wp-json\/wp\/v2\/media?parent=5364"}],"curies":[{"name":"wp","href":"https:\/\/api.w.org\/{rel}","templated":true}]}}